{"id":7112,"date":"2021-07-31T11:08:09","date_gmt":"2021-07-31T11:08:09","guid":{"rendered":"https:\/\/www.rochester.edu\/warner\/center\/?page_id=7112"},"modified":"2022-11-07T20:55:04","modified_gmt":"2022-11-07T20:55:04","slug":"publications","status":"publish","type":"page","link":"https:\/\/www.rochester.edu\/warner\/center\/research\/publications\/","title":{"rendered":"Publications"},"content":{"rendered":"<p>[vc_row][vc_column offset=&#8221;vc_hidden-lg vc_hidden-md vc_hidden-sm vc_hidden-xs&#8221;][vc_single_image image=&#8221;5702&#8243; img_size=&#8221;full&#8221; alignment=&#8221;center&#8221;][\/vc_column][\/vc_row][vc_row][vc_column][vc_custom_heading text=&#8221;Publications&#8221; font_container=&#8221;tag:h1|text_align:left&#8221; css=&#8221;.vc_custom_1640038110072{margin-bottom: 0px !important;padding-bottom: 0px !important;}&#8221;][vc_row_inner][vc_column_inner offset=&#8221;vc_hidden-lg vc_hidden-md vc_hidden-sm vc_hidden-xs&#8221;][vc_column_text css=&#8221;.vc_custom_1640038131466{margin-top: 0px !important;padding-top: 0px !important;}&#8221;]<span style=\"font-weight: 400;\">The Center for Professional Development and Education Reform partners with researchers and educators across institutions to design, implement, research, and evaluate educational programs.\u00a0<\/span><\/p>\n<p><span style=\"font-weight: 400;\">Project material is based upon work supported by the funding agency noted.\u00a0 Any opinions, findings, and conclusions or recommendations expressed in this material are those of the author(s) and do not necessarily reflect the views of the funding agency.<\/span>[\/vc_column_text][\/vc_column_inner][\/vc_row_inner][vc_separator][vc_column_text]<\/p>\n<div class=\"page\" title=\"Page 1\">\n<div class=\"layoutArea\">\n<div class=\"column\"><a href=\"\/warner\/center\/wp-content\/uploads\/2022\/10\/coaching-video-online.pdf\"><strong>Coaching Mathematics Teachers In-Person and Online: A Content-Focused Coaching Model<\/strong><\/a>,\u00a0<a href=\"https:\/\/www.warner.rochester.edu\/facultystaff\/who\/callard\">Cindy Callard<\/a>,\u00a0<a href=\"https:\/\/www.warner.rochester.edu\/facultystaff\/who\/kruger\">Jennifer Kruger<\/a>, Ryan Gillespie,\u00a0<a href=\"https:\/\/www.warner.rochester.edu\/facultystaff\/who\/foster\">Eugenie Foster<\/a> (October 2022)<\/div>\n<\/div>\n<\/div>\n<p><a href=\"https:\/\/amte.net\/tech-talk\/2021\/07\/using-video-time-stamped-comments-support-teachers-virtual-coaching-cycles\"><strong>Using Video Time-Stamped Comments to Support Teachers in Virtual Coaching Cycles<\/strong><\/a>, <a href=\"https:\/\/www.warner.rochester.edu\/facultystaff\/who\/carson\">Cynthia Carson<\/a>, <a href=\"https:\/\/www.warner.rochester.edu\/facultystaff\/who\/martin\">Stephanie Martin<\/a> (May 2021)\u00a0\u00a0<em>AMTE Tech Blog<\/em>.<\/p>\n<p><strong>Teacher leaders&#8217; roles, preparation, and impact in a district-wide digital conversion,\u00a0<\/strong><a href=\"https:\/\/www.warner.rochester.edu\/facultystaff\/who\/miller\">David Miller<\/a>, <a href=\"https:\/\/www.warner.rochester.edu\/facultystaff\/who\/borasi\">Raffaella Borasi<\/a>, <a href=\"https:\/\/www.warner.rochester.edu\/facultystaff\/who\/borys\">Zenon Borys<\/a>, <a href=\"https:\/\/www.warner.rochester.edu\/facultystaff\/who\/callard\">Cindy Callard<\/a>, <a href=\"https:\/\/www.warner.rochester.edu\/facultystaff\/who\/carson\">Cynthia Carson<\/a>, and <a href=\"https:\/\/www.warner.rochester.edu\/facultystaff\/who\/occhino\">Michael Occhino<\/a> (<em>forthcoming<\/em>) Book chapter in N. Bonds (Ed.), <em>The power of teacher leaders:\u00a0 Their roles, influence and impact,\u00a0<\/em>Routledge.<\/p>\n<p><strong>A three-part synchronous online model for middle grades mathematics teachers\u2019 professional development, <\/strong><a href=\"https:\/\/www.warner.rochester.edu\/facultystaff\/who\/choppin\">Jeffrey Choppin<\/a><strong>, <\/strong><span data-sheets-value=\"{&quot;1&quot;:2,&quot;2&quot;:&quot;Choppin, J., Amador, J., Callard, C., Carson, C., Gillespie, R., Kruger, J., Martin, S., &amp; Foster, G. \\n(accepted). A three-part synchronous online model for middle grades mathematics teachers\u2019 \\nprofessional development. In K. Hollebrands, R. Anderson, &amp; K. Oliver (Eds.), Online Learning in Mathematics Education. Springer.\\n&quot;}\" data-sheets-userformat=\"{&quot;2&quot;:12732,&quot;5&quot;:{&quot;1&quot;:[{&quot;1&quot;:2,&quot;2&quot;:0,&quot;5&quot;:{&quot;1&quot;:2,&quot;2&quot;:0}},{&quot;1&quot;:0,&quot;2&quot;:0,&quot;3&quot;:3},{&quot;1&quot;:1,&quot;2&quot;:0,&quot;4&quot;:1}]},&quot;6&quot;:{&quot;1&quot;:[{&quot;1&quot;:2,&quot;2&quot;:0,&quot;5&quot;:{&quot;1&quot;:2,&quot;2&quot;:0}},{&quot;1&quot;:0,&quot;2&quot;:0,&quot;3&quot;:3},{&quot;1&quot;:1,&quot;2&quot;:0,&quot;4&quot;:1}]},&quot;7&quot;:{&quot;1&quot;:[{&quot;1&quot;:2,&quot;2&quot;:0,&quot;5&quot;:{&quot;1&quot;:2,&quot;2&quot;:0}},{&quot;1&quot;:0,&quot;2&quot;:0,&quot;3&quot;:3},{&quot;1&quot;:1,&quot;2&quot;:0,&quot;4&quot;:1}]},&quot;8&quot;:{&quot;1&quot;:[{&quot;1&quot;:2,&quot;2&quot;:0,&quot;5&quot;:{&quot;1&quot;:2,&quot;2&quot;:0}},{&quot;1&quot;:0,&quot;2&quot;:0,&quot;3&quot;:3},{&quot;1&quot;:1,&quot;2&quot;:0,&quot;4&quot;:1}]},&quot;10&quot;:2,&quot;11&quot;:4,&quot;15&quot;:&quot;Lustria, Arial&quot;,&quot;16&quot;:11}\" data-sheets-textstyleruns=\"{&quot;1&quot;:0}\uee10{&quot;1&quot;:272,&quot;2&quot;:{&quot;6&quot;:1}}\uee10{&quot;1&quot;:313}\">Julie Amador, <a href=\"https:\/\/www.warner.rochester.edu\/facultystaff\/who\/callard\">Cindy Callard<\/a>, <a href=\"https:\/\/www.warner.rochester.edu\/facultystaff\/who\/carson\">Cynthia Carson<\/a>, Ryan Gillespie, <a href=\"https:\/\/www.warner.rochester.edu\/facultystaff\/who\/kruger\">Jennifer Kruger<\/a>, <a href=\"https:\/\/www.warner.rochester.edu\/facultystaff\/who\/martin\">Stephanie Martin<\/a>, <a href=\"https:\/\/www.warner.rochester.edu\/facultystaff\/who\/foster\">Genie Foster<\/a> (March 2021) Book Chapter In K. Hollebrands, R. Anderson, &amp; K. Oliver (Eds.), <em>Online Learning in Mathematics Education,<\/em>\u00a0Springer.\u00a0<\/span><\/p>\n<p><a href=\"https:\/\/arxiv.org\/abs\/2012.01546\"><strong>Effective Feedback for Introductory CS Theory: A JFLAP Extension and Student Persistence<\/strong><\/a>, <a href=\"https:\/\/www.warner.rochester.edu\/facultystaff\/who\/fluet\">Kimberly Fluet<\/a>, Ivona Bez\u00e1kov\u00e1, Edith Hemaspaandra, Hannah Miller, David E. Narv\u00e1ez, (December 2020) <em>Technical Report, Cornell Univ: arXiv.org &gt; cs &gt; arXiv:2012.01546<\/em><\/p>\n<p><strong>ISA\u2019s August Newsletter 2020: &#8220;Meet Instructional Coach Kimberly Fluet&#8221;<\/strong>, Kimberly Fluet, Abner Oakes (August 2020) Blog Post for Institute for Student Achievement.<\/p>\n<p><span style=\"font-weight: 400;\"><strong>Synchronous online model for mathematics teachers&#8217; professional development, <\/strong><a href=\"https:\/\/www.warner.rochester.edu\/facultystaff\/who\/choppin\">Jeffrey Choppin<\/a>, Julie M. Amador, <a href=\"https:\/\/www.warner.rochester.edu\/facultystaff\/who\/callard\">Cindy Callard<\/a>, <a href=\"https:\/\/www.warner.rochester.edu\/facultystaff\/who\/carson\">Cynthia Carson<\/a>, &amp; Ryan Gillespie (2020) Chapter In<em> Handbook of Research on Online Pedagogical Models for Mathematics Teacher Education<\/em> (pp. 176-202). IGI Global.<\/span><\/p>\n<p><strong>How tech can build team<\/strong>, <a href=\"https:\/\/www.warner.rochester.edu\/facultystaff\/who\/callard\">Cindy Callard<\/a>, <a href=\"https:\/\/www.warner.rochester.edu\/facultystaff\/who\/foster\">Genie Foster<\/a>, <a href=\"https:\/\/www.warner.rochester.edu\/facultystaff\/who\/kruger\">Jennifer Kruger<\/a> (August 2020) <em>The Learning Professional, 41(4)<\/em>.<\/p>\n<p><strong>Machine Learning: A New Lens for Integrating Computational Thinking and Science in the High School Classroom<\/strong>, <a href=\"https:\/\/www.warner.rochester.edu\/facultystaff\/who\/michaeldaley\">Michael Daley<\/a>, Z. Bai, <a href=\"https:\/\/www.warner.rochester.edu\/facultystaff\/who\/borasi\">Raffaella Borasi<\/a>, <a href=\"https:\/\/www.warner.rochester.edu\/facultystaff\/who\/miller\">David Miller<\/a> (2020) <i>In Short, P. (Eds.), Cultivating a Scientific Mindset in the Age of Inference. Information Age Publishing.<\/i>[\/vc_column_text][vc_separator][\/vc_column][\/vc_row]<\/p>\n","protected":false},"excerpt":{"rendered":"<p>[vc_row][vc_column offset=&#8221;vc_hidden-lg vc_hidden-md vc_hidden-sm vc_hidden-xs&#8221;][vc_single_image image=&#8221;5702&#8243; img_size=&#8221;full&#8221; alignment=&#8221;center&#8221;][\/vc_column][\/vc_row][vc_row][vc_column][vc_custom_heading text=&#8221;Publications&#8221; font_container=&#8221;tag:h1|text_align:left&#8221; css=&#8221;.vc_custom_1640038110072{margin-bottom: 0px !important;padding-bottom: 0px !important;}&#8221;][vc_row_inner][vc_column_inner offset=&#8221;vc_hidden-lg vc_hidden-md vc_hidden-sm vc_hidden-xs&#8221;][vc_column_text css=&#8221;.vc_custom_1640038131466{margin-top: 0px !important;padding-top: 0px !important;}&#8221;]The Center for Professional Development and Education Reform partners with researchers and educators across institutions to design, implement, research, and evaluate educational programs.\u00a0 Project material is based upon work supported by the [&hellip;]<\/p>\n","protected":false},"author":62,"featured_media":0,"parent":8422,"menu_order":3,"comment_status":"closed","ping_status":"closed","template":"","meta":{"_monsterinsights_skip_tracking":false,"_monsterinsights_sitenote_active":false,"_monsterinsights_sitenote_note":"","_monsterinsights_sitenote_category":0,"footnotes":""},"class_list":["post-7112","page","type-page","status-publish","hentry"],"aioseo_notices":[],"_links":{"self":[{"href":"https:\/\/www.rochester.edu\/warner\/center\/wp-json\/wp\/v2\/pages\/7112","targetHints":{"allow":["GET"]}}],"collection":[{"href":"https:\/\/www.rochester.edu\/warner\/center\/wp-json\/wp\/v2\/pages"}],"about":[{"href":"https:\/\/www.rochester.edu\/warner\/center\/wp-json\/wp\/v2\/types\/page"}],"author":[{"embeddable":true,"href":"https:\/\/www.rochester.edu\/warner\/center\/wp-json\/wp\/v2\/users\/62"}],"replies":[{"embeddable":true,"href":"https:\/\/www.rochester.edu\/warner\/center\/wp-json\/wp\/v2\/comments?post=7112"}],"version-history":[{"count":32,"href":"https:\/\/www.rochester.edu\/warner\/center\/wp-json\/wp\/v2\/pages\/7112\/revisions"}],"predecessor-version":[{"id":12142,"href":"https:\/\/www.rochester.edu\/warner\/center\/wp-json\/wp\/v2\/pages\/7112\/revisions\/12142"}],"up":[{"embeddable":true,"href":"https:\/\/www.rochester.edu\/warner\/center\/wp-json\/wp\/v2\/pages\/8422"}],"wp:attachment":[{"href":"https:\/\/www.rochester.edu\/warner\/center\/wp-json\/wp\/v2\/media?parent=7112"}],"curies":[{"name":"wp","href":"https:\/\/api.w.org\/{rel}","templated":true}]}}